{"id":7,"date":"2025-03-26T12:55:57","date_gmt":"2025-03-26T11:55:57","guid":{"rendered":"https:\/\/psychotherapie-lofiego.de\/?page_id=7"},"modified":"2026-04-06T12:21:14","modified_gmt":"2026-04-06T10:21:14","slug":"psychotherapie-in-regensburg","status":"publish","type":"page","link":"https:\/\/psychotherapie-lofiego.de\/es\/","title":{"rendered":"startseite"},"content":{"rendered":"<p><\/p>\n\n\n\n<h2 class=\"wp-block-heading\">Psicoterap\u00eda en alem\u00e5n y espa\u00f1ol - sin largas listas de espera<\/h2>\n\n\n\n<p>Te sientes abrumado, cansado o con pensamientos que no paran? Muchas personas esperan meses para comenyar una terapia - pero no tiene por qu\u00e9 ser as\u00ed.<\/p>\n\n\n\n<p>Ofrezco apoyo psicoterap\u00e9utico cercano y profesional, sin largas esperas. Puedes elegir entre sesiones online o presenciales en Regensburg.<\/p>\n\n\n\n<p>Ich biete Ihnen zeitnahe psychotherapeutische Unterst\u00fctzung \u2013<\/p>\n\n\n\n<p>online oder vor Ort in Regensburg.<\/p>\n\n\n\n<p>Trabajo especialmente con personas que prefieren expresarse en espa\u00f1ol. \nHablar en tu idioma facilita la confianza y el proceso terap\u00e9utico.<\/p>\n\n\n\n<div class=\"wp-block-uagb-buttons uagb-buttons__outer-wrap uagb-btn__default-btn uagb-btn-tablet__default-btn uagb-btn-mobile__default-btn uagb-block-6e89a714\"><div class=\"uagb-buttons__wrap uagb-buttons-layout-wrap\">\n<div class=\"wp-block-uagb-buttons-child uagb-buttons__outer-wrap uagb-block-708d649f wp-block-button\"><div class=\"uagb-button__wrapper\"><a class=\"uagb-buttons-repeater wp-block-button__link\" aria-label=\"\" href=\"\/es\/kontakt\/\" rel=\"follow noopener\" target=\"_self\" role=\"button\"><div class=\"uagb-button__link\">Reserva una primera consulta<\/div><\/a><\/div><\/div>\n<\/div><\/div>\n\n\n\n<p>Respuesta en un plazo de 24 horas<\/p>\n\n\n\n<p><\/p>","protected":false},"excerpt":{"rendered":"<p>Psychotherapie auf Deutsch &amp; Spanisch \u2013 ohne lange Wartezeit F\u00fchlen Sie sich \u00fcberfordert, ersch\u00f6pft oder drehen sich Ihre Gedanken im Kreis? Viele Menschen warten monatelang auf einen Therapieplatz \u2013 das muss nicht sein. Ich biete Ihnen zeitnahe psychotherapeutische Unterst\u00fctzung \u2013 online oder vor Ort in Regensburg. \ud83d\udc49 Besonders geeignet f\u00fcr Menschen, die sich auf Spanisch [&hellip;]<\/p>","protected":false},"author":1,"featured_media":0,"parent":0,"menu_order":0,"comment_status":"closed","ping_status":"closed","template":"","meta":{"_uag_custom_page_level_css":"","site-sidebar-layout":"default","site-content-layout":"","ast-site-content-layout":"default","site-content-style":"default","site-sidebar-style":"default","ast-global-header-display":"","ast-banner-title-visibility":"","ast-main-header-display":"","ast-hfb-above-header-display":"","ast-hfb-below-header-display":"","ast-hfb-mobile-header-display":"","site-post-title":"","ast-breadcrumbs-content":"","ast-featured-img":"","footer-sml-layout":"","theme-transparent-header-meta":"","adv-header-id-meta":"","stick-header-meta":"","header-above-stick-meta":"","header-main-stick-meta":"","header-below-stick-meta":"","astra-migrate-meta-layouts":"set","ast-page-background-enabled":"default","ast-page-background-meta":{"desktop":{"background-color":"","background-image":"","background-repeat":"repeat","background-position":"center center","background-size":"auto","background-attachment":"scroll","background-type":"","background-media":"","overlay-type":"","overlay-color":"","overlay-opacity":"","overlay-gradient":""},"tablet":{"background-color":"","background-image":"","background-repeat":"repeat","background-position":"center center","background-size":"auto","background-attachment":"scroll","background-type":"","background-media":"","overlay-type":"","overlay-color":"","overlay-opacity":"","overlay-gradient":""},"mobile":{"background-color":"","background-image":"","background-repeat":"repeat","background-position":"center center","background-size":"auto","background-attachment":"scroll","background-type":"","background-media":"","overlay-type":"","overlay-color":"","overlay-opacity":"","overlay-gradient":""}},"ast-content-background-meta":{"desktop":{"background-color":"var(--ast-global-color-5)","background-image":"","background-repeat":"repeat","background-position":"center center","background-size":"auto","background-attachment":"scroll","background-type":"","background-media":"","overlay-type":"","overlay-color":"","overlay-opacity":"","overlay-gradient":""},"tablet":{"background-color":"var(--ast-global-color-5)","background-image":"","background-repeat":"repeat","background-position":"center center","background-size":"auto","background-attachment":"scroll","background-type":"","background-media":"","overlay-type":"","overlay-color":"","overlay-opacity":"","overlay-gradient":""},"mobile":{"background-color":"var(--ast-global-color-5)","background-image":"","background-repeat":"repeat","background-position":"center center","background-size":"auto","background-attachment":"scroll","background-type":"","background-media":"","overlay-type":"","overlay-color":"","overlay-opacity":"","overlay-gradient":""}},"footnotes":""},"class_list":["post-7","page","type-page","status-publish","hentry"],"yoast_head":"<!-- This site is optimized with the Yoast SEO plugin v24.8.1 - https:\/\/yoast.com\/wordpress\/plugins\/seo\/ -->\n<title>startseite - Psychotherapie Lo Fiego<\/title>\n<meta name=\"description\" content=\"Psychotherapie &amp; psychologische Beratung in Regensburg - emphatisch, fundiert, auch auf Spanisch. Jetzt Termin vereinbaren\" \/>\n<meta name=\"robots\" content=\"index, follow, max-snippet:-1, max-image-preview:large, max-video-preview:-1\" \/>\n<link rel=\"canonical\" href=\"https:\/\/psychotherapie-lofiego.de\/es\/\" \/>\n<meta property=\"og:locale\" content=\"es_ES\" \/>\n<meta property=\"og:type\" content=\"article\" \/>\n<meta property=\"og:title\" content=\"startseite - Psychotherapie Lo Fiego\" \/>\n<meta property=\"og:description\" content=\"Psychotherapie &amp; psychologische Beratung in Regensburg - emphatisch, fundiert, auch auf Spanisch. Jetzt Termin vereinbaren\" \/>\n<meta property=\"og:url\" content=\"https:\/\/psychotherapie-lofiego.de\/es\/\" \/>\n<meta property=\"og:site_name\" content=\"Psychotherapie Lo Fiego\" \/>\n<meta property=\"article:modified_time\" content=\"2026-04-06T10:21:14+00:00\" \/>\n<meta name=\"twitter:card\" content=\"summary_large_image\" \/>\n<meta name=\"twitter:label1\" content=\"Tiempo de lectura\" \/>\n\t<meta name=\"twitter:data1\" content=\"1 minuto\" \/>\n<script type=\"application\/ld+json\" class=\"yoast-schema-graph\">{\"@context\":\"https:\/\/schema.org\",\"@graph\":[{\"@type\":\"WebPage\",\"@id\":\"https:\/\/psychotherapie-lofiego.de\/\",\"url\":\"https:\/\/psychotherapie-lofiego.de\/\",\"name\":\"startseite - Psychotherapie Lo Fiego\",\"isPartOf\":{\"@id\":\"https:\/\/psychotherapie-lofiego.de\/#website\"},\"datePublished\":\"2025-03-26T11:55:57+00:00\",\"dateModified\":\"2026-04-06T10:21:14+00:00\",\"description\":\"Psychotherapie & psychologische Beratung in Regensburg - emphatisch, fundiert, auch auf Spanisch. Jetzt Termin vereinbaren\",\"breadcrumb\":{\"@id\":\"https:\/\/psychotherapie-lofiego.de\/#breadcrumb\"},\"inLanguage\":\"es\",\"potentialAction\":[{\"@type\":\"ReadAction\",\"target\":[\"https:\/\/psychotherapie-lofiego.de\/\"]}]},{\"@type\":\"BreadcrumbList\",\"@id\":\"https:\/\/psychotherapie-lofiego.de\/#breadcrumb\",\"itemListElement\":[{\"@type\":\"ListItem\",\"position\":1,\"name\":\"Startseite\",\"item\":\"https:\/\/psychotherapie-lofiego.de\/\"},{\"@type\":\"ListItem\",\"position\":2,\"name\":\"startseite\"}]},{\"@type\":\"WebSite\",\"@id\":\"https:\/\/psychotherapie-lofiego.de\/#website\",\"url\":\"https:\/\/psychotherapie-lofiego.de\/\",\"name\":\"Psychotherapie Lo Fiego\",\"description\":\"\",\"publisher\":{\"@id\":\"https:\/\/psychotherapie-lofiego.de\/#organization\"},\"potentialAction\":[{\"@type\":\"SearchAction\",\"target\":{\"@type\":\"EntryPoint\",\"urlTemplate\":\"https:\/\/psychotherapie-lofiego.de\/?s={search_term_string}\"},\"query-input\":{\"@type\":\"PropertyValueSpecification\",\"valueRequired\":true,\"valueName\":\"search_term_string\"}}],\"inLanguage\":\"es\"},{\"@type\":\"Organization\",\"@id\":\"https:\/\/psychotherapie-lofiego.de\/#organization\",\"name\":\"Psychotherapie Lo Fiego\",\"url\":\"https:\/\/psychotherapie-lofiego.de\/\",\"logo\":{\"@type\":\"ImageObject\",\"inLanguage\":\"es\",\"@id\":\"https:\/\/psychotherapie-lofiego.de\/#\/schema\/logo\/image\/\",\"url\":\"https:\/\/psychotherapie-lofiego.de\/wp-content\/uploads\/2025\/03\/cropped-cropped-BBF54D22-912E-44EC-B3DD-87BDC3F701DB.png\",\"contentUrl\":\"https:\/\/psychotherapie-lofiego.de\/wp-content\/uploads\/2025\/03\/cropped-cropped-BBF54D22-912E-44EC-B3DD-87BDC3F701DB.png\",\"width\":640,\"height\":378,\"caption\":\"Psychotherapie Lo Fiego\"},\"image\":{\"@id\":\"https:\/\/psychotherapie-lofiego.de\/#\/schema\/logo\/image\/\"}}]}<\/script>\n<!-- \/ Yoast SEO plugin. -->","yoast_head_json":{"title":"startseite - Psychotherapie Lo Fiego","description":"Psychotherapie & psychologische Beratung in Regensburg - emphatisch, fundiert, auch auf Spanisch. Jetzt Termin vereinbaren","robots":{"index":"index","follow":"follow","max-snippet":"max-snippet:-1","max-image-preview":"max-image-preview:large","max-video-preview":"max-video-preview:-1"},"canonical":"https:\/\/psychotherapie-lofiego.de\/es\/","og_locale":"es_ES","og_type":"article","og_title":"startseite - Psychotherapie Lo Fiego","og_description":"Psychotherapie & psychologische Beratung in Regensburg - emphatisch, fundiert, auch auf Spanisch. Jetzt Termin vereinbaren","og_url":"https:\/\/psychotherapie-lofiego.de\/es\/","og_site_name":"Psychotherapie Lo Fiego","article_modified_time":"2026-04-06T10:21:14+00:00","twitter_card":"summary_large_image","twitter_misc":{"Tiempo de lectura":"1 minuto"},"schema":{"@context":"https:\/\/schema.org","@graph":[{"@type":"WebPage","@id":"https:\/\/psychotherapie-lofiego.de\/","url":"https:\/\/psychotherapie-lofiego.de\/","name":"startseite - Psychotherapie Lo Fiego","isPartOf":{"@id":"https:\/\/psychotherapie-lofiego.de\/#website"},"datePublished":"2025-03-26T11:55:57+00:00","dateModified":"2026-04-06T10:21:14+00:00","description":"Psychotherapie & psychologische Beratung in Regensburg - emphatisch, fundiert, auch auf Spanisch. Jetzt Termin vereinbaren","breadcrumb":{"@id":"https:\/\/psychotherapie-lofiego.de\/#breadcrumb"},"inLanguage":"es","potentialAction":[{"@type":"ReadAction","target":["https:\/\/psychotherapie-lofiego.de\/"]}]},{"@type":"BreadcrumbList","@id":"https:\/\/psychotherapie-lofiego.de\/#breadcrumb","itemListElement":[{"@type":"ListItem","position":1,"name":"Startseite","item":"https:\/\/psychotherapie-lofiego.de\/"},{"@type":"ListItem","position":2,"name":"startseite"}]},{"@type":"WebSite","@id":"https:\/\/psychotherapie-lofiego.de\/#website","url":"https:\/\/psychotherapie-lofiego.de\/","name":"Psychotherapie Lo Fiego","description":"","publisher":{"@id":"https:\/\/psychotherapie-lofiego.de\/#organization"},"potentialAction":[{"@type":"SearchAction","target":{"@type":"EntryPoint","urlTemplate":"https:\/\/psychotherapie-lofiego.de\/?s={search_term_string}"},"query-input":{"@type":"PropertyValueSpecification","valueRequired":true,"valueName":"search_term_string"}}],"inLanguage":"es"},{"@type":"Organization","@id":"https:\/\/psychotherapie-lofiego.de\/#organization","name":"Psychotherapie Lo Fiego","url":"https:\/\/psychotherapie-lofiego.de\/","logo":{"@type":"ImageObject","inLanguage":"es","@id":"https:\/\/psychotherapie-lofiego.de\/#\/schema\/logo\/image\/","url":"https:\/\/psychotherapie-lofiego.de\/wp-content\/uploads\/2025\/03\/cropped-cropped-BBF54D22-912E-44EC-B3DD-87BDC3F701DB.png","contentUrl":"https:\/\/psychotherapie-lofiego.de\/wp-content\/uploads\/2025\/03\/cropped-cropped-BBF54D22-912E-44EC-B3DD-87BDC3F701DB.png","width":640,"height":378,"caption":"Psychotherapie Lo Fiego"},"image":{"@id":"https:\/\/psychotherapie-lofiego.de\/#\/schema\/logo\/image\/"}}]}},"uagb_featured_image_src":{"full":false,"thumbnail":false,"medium":false,"medium_large":false,"large":false,"1536x1536":false,"2048x2048":false,"trp-custom-language-flag":false},"uagb_author_info":{"display_name":"Alexander","author_link":"https:\/\/psychotherapie-lofiego.de\/es\/author\/alexander\/"},"uagb_comment_info":0,"uagb_excerpt":"Psychotherapie auf Deutsch &amp; Spanisch \u2013 ohne lange Wartezeit F\u00fchlen Sie sich \u00fcberfordert, ersch\u00f6pft oder drehen sich Ihre Gedanken im Kreis? Viele Menschen warten monatelang auf einen Therapieplatz \u2013 das muss nicht sein. Ich biete Ihnen zeitnahe psychotherapeutische Unterst\u00fctzung \u2013 online oder vor Ort in Regensburg. \ud83d\udc49 Besonders geeignet f\u00fcr Menschen, die sich auf Spanisch&hellip;","_links":{"self":[{"href":"https:\/\/psychotherapie-lofiego.de\/es\/wp-json\/wp\/v2\/pages\/7","targetHints":{"allow":["GET"]}}],"collection":[{"href":"https:\/\/psychotherapie-lofiego.de\/es\/wp-json\/wp\/v2\/pages"}],"about":[{"href":"https:\/\/psychotherapie-lofiego.de\/es\/wp-json\/wp\/v2\/types\/page"}],"author":[{"embeddable":true,"href":"https:\/\/psychotherapie-lofiego.de\/es\/wp-json\/wp\/v2\/users\/1"}],"replies":[{"embeddable":true,"href":"https:\/\/psychotherapie-lofiego.de\/es\/wp-json\/wp\/v2\/comments?post=7"}],"version-history":[{"count":13,"href":"https:\/\/psychotherapie-lofiego.de\/es\/wp-json\/wp\/v2\/pages\/7\/revisions"}],"predecessor-version":[{"id":1796,"href":"https:\/\/psychotherapie-lofiego.de\/es\/wp-json\/wp\/v2\/pages\/7\/revisions\/1796"}],"wp:attachment":[{"href":"https:\/\/psychotherapie-lofiego.de\/es\/wp-json\/wp\/v2\/media?parent=7"}],"curies":[{"name":"wp","href":"https:\/\/api.w.org\/{rel}","templated":true}]}}