{"id":1600,"date":"2025-03-27T17:21:34","date_gmt":"2025-03-27T16:21:34","guid":{"rendered":"https:\/\/psychotherapie-lofiego.de\/?page_id=1600"},"modified":"2026-04-06T16:45:32","modified_gmt":"2026-04-06T14:45:32","slug":"1600-2","status":"publish","type":"page","link":"https:\/\/psychotherapie-lofiego.de\/es\/1600-2\/","title":{"rendered":"Sobre m\u00ed"},"content":{"rendered":"<h2 class=\"wp-block-heading has-large-font-size\">Psicoterapie en Regensburg<\/h2>\n\n\n\n<p>A veces todo se vuelve demasiado. Los pensamientos no paran, las preocupaciones aumentan y no siempre est\u00e1 claro por d\u00f3nde empezar <\/p>\n\n\n\n<p>En esos momentos, es importante contar con alguien  que escuche, comprenda y acompa\u00f1e. <\/p>\n\n\n\n<p>Soy Bel\u00e9n, psic\u00f3loga, y acompa\u00f1o a personas en momentos dific\u00edles de la vida.<\/p>\n\n\n\n<p>Trabajo especialmente con personas que prefieren expresarse en espa\u00f1ol. Hablar en tu idioma facilita la confianza y el proceso terap\u00e9utico.<\/p>\n\n\n\n<p>Vivo y trabajo en Alemania hace varios a\u00f1os.\nMi experiencia profesional se ha desarrollado tanto en Alemania como en Argentina, lo que me permite comprender diferentes realidades culturales y personales. <\/p>\n\n\n\n<p>Aktuell befinde ich mich in der Weiterbildung zum psychologischen Psychotherapeut.<\/p>\n\n\n\n<p>Acompa\u00f1o, entre otros, en:<\/p>\n\n\n\n<ul class=\"wp-block-list\">\n<li>depresi\u00f3n<\/li>\n\n\n\n<li>ansiedad<\/li>\n\n\n\n<li>estr\u00e9s y sobrecarga<\/li>\n\n\n\n<li>crisis personales<\/li>\n<\/ul>\n\n\n\n<p>Trabajo de manera estructurada, pero siempre adaptada a tu situaci\u00f3n personal.<\/p>\n\n\n\n<p>Mi objetivo es acompa\u00f1arte para que encuentres nuevas perspectivas y soluciones.<\/p>\n\n\n\n<p>Pod\u00e9s solicitar una primer consulta en cualquier momento. Respondo generalmente dentro de 24 horas.<\/p>\n\n\n\n<ul class=\"wp-block-list\">\n\n\n\n<\/ul>\n\n\n\n<p>In einem gesch\u00fctzten Rahmen k\u00f6nnen neue Perspektiven entstehen &#8211; Schritt f\u00fcr Schritt, in Ihrem Tempo. <\/p>\n\n\n\n<div style=\"height:100px\" aria-hidden=\"true\" class=\"wp-block-spacer\"><\/div>","protected":false},"excerpt":{"rendered":"<p>Psychotherapie in Regensburg &#8211; pers\u00f6nlich, einf\u00fchlsam und auf Augenh\u00f6he 1Manchmal f\u00fchlt sich alles zu viel an. Gedanken kreisen, Belastungen nehmen zu und man wei\u00df nicht genau, wo man anfangen soll. In solchen Momenten ist es wichtig, jemanden an der Seite zu haben, der zuh\u00f6rt, versteht und gemeinsam mit Ihnen neue Wege entwickelt. Ich bin Markus [&hellip;]<\/p>","protected":false},"author":1,"featured_media":0,"parent":0,"menu_order":0,"comment_status":"closed","ping_status":"closed","template":"","meta":{"_uag_custom_page_level_css":"","site-sidebar-layout":"default","site-content-layout":"","ast-site-content-layout":"default","site-content-style":"default","site-sidebar-style":"default","ast-global-header-display":"","ast-banner-title-visibility":"","ast-main-header-display":"","ast-hfb-above-header-display":"","ast-hfb-below-header-display":"","ast-hfb-mobile-header-display":"","site-post-title":"","ast-breadcrumbs-content":"","ast-featured-img":"","footer-sml-layout":"","theme-transparent-header-meta":"","adv-header-id-meta":"","stick-header-meta":"","header-above-stick-meta":"","header-main-stick-meta":"","header-below-stick-meta":"","astra-migrate-meta-layouts":"set","ast-page-background-enabled":"default","ast-page-background-meta":{"desktop":{"background-color":"","background-image":"","background-repeat":"repeat","background-position":"center center","background-size":"auto","background-attachment":"scroll","background-type":"","background-media":"","overlay-type":"","overlay-color":"","overlay-opacity":"","overlay-gradient":""},"tablet":{"background-color":"","background-image":"","background-repeat":"repeat","background-position":"center center","background-size":"auto","background-attachment":"scroll","background-type":"","background-media":"","overlay-type":"","overlay-color":"","overlay-opacity":"","overlay-gradient":""},"mobile":{"background-color":"","background-image":"","background-repeat":"repeat","background-position":"center center","background-size":"auto","background-attachment":"scroll","background-type":"","background-media":"","overlay-type":"","overlay-color":"","overlay-opacity":"","overlay-gradient":""}},"ast-content-background-meta":{"desktop":{"background-color":"var(--ast-global-color-5)","background-image":"","background-repeat":"repeat","background-position":"center center","background-size":"auto","background-attachment":"scroll","background-type":"","background-media":"","overlay-type":"","overlay-color":"","overlay-opacity":"","overlay-gradient":""},"tablet":{"background-color":"var(--ast-global-color-5)","background-image":"","background-repeat":"repeat","background-position":"center center","background-size":"auto","background-attachment":"scroll","background-type":"","background-media":"","overlay-type":"","overlay-color":"","overlay-opacity":"","overlay-gradient":""},"mobile":{"background-color":"var(--ast-global-color-5)","background-image":"","background-repeat":"repeat","background-position":"center center","background-size":"auto","background-attachment":"scroll","background-type":"","background-media":"","overlay-type":"","overlay-color":"","overlay-opacity":"","overlay-gradient":""}},"footnotes":""},"class_list":["post-1600","page","type-page","status-publish","hentry"],"yoast_head":"<!-- This site is optimized with the Yoast SEO plugin v24.8.1 - https:\/\/yoast.com\/wordpress\/plugins\/seo\/ -->\n<title>\u00dcber uns - Psychotherapie Lo Fiego<\/title>\n<meta name=\"description\" content=\"Psychotherapie in Regensburg oder Online mit Herz und kulturellem Verst\u00e4ndnis - Wir begleiten Sie mehrsprachig durch schwierige Lebensphasen\" \/>\n<meta name=\"robots\" content=\"index, follow, max-snippet:-1, max-image-preview:large, max-video-preview:-1\" \/>\n<link rel=\"canonical\" href=\"https:\/\/psychotherapie-lofiego.de\/es\/1600-2\/\" \/>\n<meta property=\"og:locale\" content=\"es_ES\" \/>\n<meta property=\"og:type\" content=\"article\" \/>\n<meta property=\"og:title\" content=\"\u00dcber uns - Psychotherapie Lo Fiego\" \/>\n<meta property=\"og:description\" content=\"Psychotherapie in Regensburg oder Online mit Herz und kulturellem Verst\u00e4ndnis - Wir begleiten Sie mehrsprachig durch schwierige Lebensphasen\" \/>\n<meta property=\"og:url\" content=\"https:\/\/psychotherapie-lofiego.de\/es\/1600-2\/\" \/>\n<meta property=\"og:site_name\" content=\"Psychotherapie Lo Fiego\" \/>\n<meta property=\"article:modified_time\" content=\"2026-04-06T14:45:32+00:00\" \/>\n<meta name=\"twitter:card\" content=\"summary_large_image\" \/>\n<meta name=\"twitter:label1\" content=\"Tiempo de lectura\" \/>\n\t<meta name=\"twitter:data1\" content=\"1 minuto\" \/>\n<script type=\"application\/ld+json\" class=\"yoast-schema-graph\">{\"@context\":\"https:\/\/schema.org\",\"@graph\":[{\"@type\":\"WebPage\",\"@id\":\"https:\/\/psychotherapie-lofiego.de\/1600-2\/\",\"url\":\"https:\/\/psychotherapie-lofiego.de\/1600-2\/\",\"name\":\"\u00dcber uns - Psychotherapie Lo Fiego\",\"isPartOf\":{\"@id\":\"https:\/\/psychotherapie-lofiego.de\/#website\"},\"datePublished\":\"2025-03-27T16:21:34+00:00\",\"dateModified\":\"2026-04-06T14:45:32+00:00\",\"description\":\"Psychotherapie in Regensburg oder Online mit Herz und kulturellem Verst\u00e4ndnis - Wir begleiten Sie mehrsprachig durch schwierige Lebensphasen\",\"breadcrumb\":{\"@id\":\"https:\/\/psychotherapie-lofiego.de\/1600-2\/#breadcrumb\"},\"inLanguage\":\"es\",\"potentialAction\":[{\"@type\":\"ReadAction\",\"target\":[\"https:\/\/psychotherapie-lofiego.de\/1600-2\/\"]}]},{\"@type\":\"BreadcrumbList\",\"@id\":\"https:\/\/psychotherapie-lofiego.de\/1600-2\/#breadcrumb\",\"itemListElement\":[{\"@type\":\"ListItem\",\"position\":1,\"name\":\"Startseite\",\"item\":\"https:\/\/psychotherapie-lofiego.de\/\"},{\"@type\":\"ListItem\",\"position\":2,\"name\":\"\u00dcber uns\"}]},{\"@type\":\"WebSite\",\"@id\":\"https:\/\/psychotherapie-lofiego.de\/#website\",\"url\":\"https:\/\/psychotherapie-lofiego.de\/\",\"name\":\"Psychotherapie Lo Fiego\",\"description\":\"\",\"publisher\":{\"@id\":\"https:\/\/psychotherapie-lofiego.de\/#organization\"},\"potentialAction\":[{\"@type\":\"SearchAction\",\"target\":{\"@type\":\"EntryPoint\",\"urlTemplate\":\"https:\/\/psychotherapie-lofiego.de\/?s={search_term_string}\"},\"query-input\":{\"@type\":\"PropertyValueSpecification\",\"valueRequired\":true,\"valueName\":\"search_term_string\"}}],\"inLanguage\":\"es\"},{\"@type\":\"Organization\",\"@id\":\"https:\/\/psychotherapie-lofiego.de\/#organization\",\"name\":\"Psychotherapie Lo Fiego\",\"url\":\"https:\/\/psychotherapie-lofiego.de\/\",\"logo\":{\"@type\":\"ImageObject\",\"inLanguage\":\"es\",\"@id\":\"https:\/\/psychotherapie-lofiego.de\/#\/schema\/logo\/image\/\",\"url\":\"https:\/\/psychotherapie-lofiego.de\/wp-content\/uploads\/2025\/03\/cropped-cropped-BBF54D22-912E-44EC-B3DD-87BDC3F701DB.png\",\"contentUrl\":\"https:\/\/psychotherapie-lofiego.de\/wp-content\/uploads\/2025\/03\/cropped-cropped-BBF54D22-912E-44EC-B3DD-87BDC3F701DB.png\",\"width\":640,\"height\":378,\"caption\":\"Psychotherapie Lo Fiego\"},\"image\":{\"@id\":\"https:\/\/psychotherapie-lofiego.de\/#\/schema\/logo\/image\/\"}}]}<\/script>\n<!-- \/ Yoast SEO plugin. -->","yoast_head_json":{"title":"\u00dcber uns - Psychotherapie Lo Fiego","description":"Psychotherapie in Regensburg oder Online mit Herz und kulturellem Verst\u00e4ndnis - Wir begleiten Sie mehrsprachig durch schwierige Lebensphasen","robots":{"index":"index","follow":"follow","max-snippet":"max-snippet:-1","max-image-preview":"max-image-preview:large","max-video-preview":"max-video-preview:-1"},"canonical":"https:\/\/psychotherapie-lofiego.de\/es\/1600-2\/","og_locale":"es_ES","og_type":"article","og_title":"\u00dcber uns - Psychotherapie Lo Fiego","og_description":"Psychotherapie in Regensburg oder Online mit Herz und kulturellem Verst\u00e4ndnis - Wir begleiten Sie mehrsprachig durch schwierige Lebensphasen","og_url":"https:\/\/psychotherapie-lofiego.de\/es\/1600-2\/","og_site_name":"Psychotherapie Lo Fiego","article_modified_time":"2026-04-06T14:45:32+00:00","twitter_card":"summary_large_image","twitter_misc":{"Tiempo de lectura":"1 minuto"},"schema":{"@context":"https:\/\/schema.org","@graph":[{"@type":"WebPage","@id":"https:\/\/psychotherapie-lofiego.de\/1600-2\/","url":"https:\/\/psychotherapie-lofiego.de\/1600-2\/","name":"\u00dcber uns - Psychotherapie Lo Fiego","isPartOf":{"@id":"https:\/\/psychotherapie-lofiego.de\/#website"},"datePublished":"2025-03-27T16:21:34+00:00","dateModified":"2026-04-06T14:45:32+00:00","description":"Psychotherapie in Regensburg oder Online mit Herz und kulturellem Verst\u00e4ndnis - Wir begleiten Sie mehrsprachig durch schwierige Lebensphasen","breadcrumb":{"@id":"https:\/\/psychotherapie-lofiego.de\/1600-2\/#breadcrumb"},"inLanguage":"es","potentialAction":[{"@type":"ReadAction","target":["https:\/\/psychotherapie-lofiego.de\/1600-2\/"]}]},{"@type":"BreadcrumbList","@id":"https:\/\/psychotherapie-lofiego.de\/1600-2\/#breadcrumb","itemListElement":[{"@type":"ListItem","position":1,"name":"Startseite","item":"https:\/\/psychotherapie-lofiego.de\/"},{"@type":"ListItem","position":2,"name":"\u00dcber uns"}]},{"@type":"WebSite","@id":"https:\/\/psychotherapie-lofiego.de\/#website","url":"https:\/\/psychotherapie-lofiego.de\/","name":"Psychotherapie Lo Fiego","description":"","publisher":{"@id":"https:\/\/psychotherapie-lofiego.de\/#organization"},"potentialAction":[{"@type":"SearchAction","target":{"@type":"EntryPoint","urlTemplate":"https:\/\/psychotherapie-lofiego.de\/?s={search_term_string}"},"query-input":{"@type":"PropertyValueSpecification","valueRequired":true,"valueName":"search_term_string"}}],"inLanguage":"es"},{"@type":"Organization","@id":"https:\/\/psychotherapie-lofiego.de\/#organization","name":"Psychotherapie Lo Fiego","url":"https:\/\/psychotherapie-lofiego.de\/","logo":{"@type":"ImageObject","inLanguage":"es","@id":"https:\/\/psychotherapie-lofiego.de\/#\/schema\/logo\/image\/","url":"https:\/\/psychotherapie-lofiego.de\/wp-content\/uploads\/2025\/03\/cropped-cropped-BBF54D22-912E-44EC-B3DD-87BDC3F701DB.png","contentUrl":"https:\/\/psychotherapie-lofiego.de\/wp-content\/uploads\/2025\/03\/cropped-cropped-BBF54D22-912E-44EC-B3DD-87BDC3F701DB.png","width":640,"height":378,"caption":"Psychotherapie Lo Fiego"},"image":{"@id":"https:\/\/psychotherapie-lofiego.de\/#\/schema\/logo\/image\/"}}]}},"uagb_featured_image_src":{"full":false,"thumbnail":false,"medium":false,"medium_large":false,"large":false,"1536x1536":false,"2048x2048":false,"trp-custom-language-flag":false},"uagb_author_info":{"display_name":"Alexander","author_link":"https:\/\/psychotherapie-lofiego.de\/es\/author\/alexander\/"},"uagb_comment_info":0,"uagb_excerpt":"Psychotherapie in Regensburg &#8211; pers\u00f6nlich, einf\u00fchlsam und auf Augenh\u00f6he 1Manchmal f\u00fchlt sich alles zu viel an. Gedanken kreisen, Belastungen nehmen zu und man wei\u00df nicht genau, wo man anfangen soll. In solchen Momenten ist es wichtig, jemanden an der Seite zu haben, der zuh\u00f6rt, versteht und gemeinsam mit Ihnen neue Wege entwickelt. Ich bin Markus&hellip;","_links":{"self":[{"href":"https:\/\/psychotherapie-lofiego.de\/es\/wp-json\/wp\/v2\/pages\/1600","targetHints":{"allow":["GET"]}}],"collection":[{"href":"https:\/\/psychotherapie-lofiego.de\/es\/wp-json\/wp\/v2\/pages"}],"about":[{"href":"https:\/\/psychotherapie-lofiego.de\/es\/wp-json\/wp\/v2\/types\/page"}],"author":[{"embeddable":true,"href":"https:\/\/psychotherapie-lofiego.de\/es\/wp-json\/wp\/v2\/users\/1"}],"replies":[{"embeddable":true,"href":"https:\/\/psychotherapie-lofiego.de\/es\/wp-json\/wp\/v2\/comments?post=1600"}],"version-history":[{"count":23,"href":"https:\/\/psychotherapie-lofiego.de\/es\/wp-json\/wp\/v2\/pages\/1600\/revisions"}],"predecessor-version":[{"id":1804,"href":"https:\/\/psychotherapie-lofiego.de\/es\/wp-json\/wp\/v2\/pages\/1600\/revisions\/1804"}],"wp:attachment":[{"href":"https:\/\/psychotherapie-lofiego.de\/es\/wp-json\/wp\/v2\/media?parent=1600"}],"curies":[{"name":"wp","href":"https:\/\/api.w.org\/{rel}","templated":true}]}}